{"id":1881,"date":"2021-10-11T12:30:20","date_gmt":"2021-10-11T16:30:20","guid":{"rendered":"https:\/\/addsolutions.co\/addsolutionsco\/?page_id=1881"},"modified":"2021-10-11T12:32:05","modified_gmt":"2021-10-11T16:32:05","slug":"areas","status":"publish","type":"page","link":"https:\/\/addsolutions.co\/addsolutionsco\/areas\/","title":{"rendered":"\u00c1reas"},"content":{"rendered":"\t\t<div data-elementor-type=\"wp-page\" data-elementor-id=\"1881\" class=\"elementor elementor-1881\">\n\t\t\t\t\t\t<section class=\"elementor-section elementor-top-section elementor-element elementor-element-5095354 elementor-section-boxed elementor-section-height-default elementor-section-height-default\" data-id=\"5095354\" data-element_type=\"section\">\n\t\t\t\t\t\t<div class=\"elementor-container elementor-column-gap-default\">\n\t\t\t\t\t<div class=\"elementor-column elementor-col-16 elementor-top-column elementor-element elementor-element-c69b89c\" data-id=\"c69b89c\" data-element_type=\"column\">\n\t\t\t<div class=\"elementor-widget-wrap\">\n\t\t\t\t\t\t\t<\/div>\n\t\t<\/div>\n\t\t\t\t<div class=\"elementor-column elementor-col-66 elementor-top-column elementor-element elementor-element-01d7752\" data-id=\"01d7752\" data-element_type=\"column\">\n\t\t\t<div class=\"elementor-widget-wrap elementor-element-populated\">\n\t\t\t\t\t\t<div class=\"elementor-element elementor-element-a826616 elementor-widget elementor-widget-heading\" data-id=\"a826616\" data-element_type=\"widget\" data-widget_type=\"heading.default\">\n\t\t\t\t<div class=\"elementor-widget-container\">\n\t\t\t\t\t<h2 class=\"elementor-heading-title elementor-size-default\">\u00c1REAS DE APOYO<\/h2>\t\t\t\t<\/div>\n\t\t\t\t<\/div>\n\t\t\t\t<div class=\"elementor-element elementor-element-ce0d644 elementor-widget elementor-widget-text-editor\" data-id=\"ce0d644\" data-element_type=\"widget\" data-widget_type=\"text-editor.default\">\n\t\t\t\t<div class=\"elementor-widget-container\">\n\t\t\t\t\t\t\t\t\t<p style=\"text-align: center;\">Los estudios aplicados y la medici\u00f3n psicom\u00e9trica de atributos del capital humano buscan reducir los riesgos y los m\u00e1rgenes de error en los sub-sistemas de RRHH, se orientan a incrementar la efectividad del negocio. Entre ellos destacan:<\/p>\t\t\t\t\t\t\t\t<\/div>\n\t\t\t\t<\/div>\n\t\t\t\t\t<\/div>\n\t\t<\/div>\n\t\t\t\t<div class=\"elementor-column elementor-col-16 elementor-top-column elementor-element elementor-element-527af57\" data-id=\"527af57\" data-element_type=\"column\">\n\t\t\t<div class=\"elementor-widget-wrap\">\n\t\t\t\t\t\t\t<\/div>\n\t\t<\/div>\n\t\t\t\t\t<\/div>\n\t\t<\/section>\n\t\t\t\t<section class=\"elementor-section elementor-top-section elementor-element elementor-element-aa0512d elementor-section-boxed elementor-section-height-default elementor-section-height-default\" data-id=\"aa0512d\" data-element_type=\"section\">\n\t\t\t\t\t\t<div class=\"elementor-container elementor-column-gap-default\">\n\t\t\t\t\t<div class=\"elementor-column elementor-col-100 elementor-top-column elementor-element elementor-element-72da885\" data-id=\"72da885\" data-element_type=\"column\">\n\t\t\t<div class=\"elementor-widget-wrap elementor-element-populated\">\n\t\t\t\t\t\t<div class=\"elementor-element elementor-element-c41e823 elementor-widget elementor-widget-accordion\" data-id=\"c41e823\" data-element_type=\"widget\" data-widget_type=\"accordion.default\">\n\t\t\t\t<div class=\"elementor-widget-container\">\n\t\t\t\t\t\t\t<div class=\"elementor-accordion\">\n\t\t\t\t\t\t\t<div class=\"elementor-accordion-item\">\n\t\t\t\t\t<div id=\"elementor-tab-title-2051\" class=\"elementor-tab-title\" data-tab=\"1\" role=\"button\" aria-controls=\"elementor-tab-content-2051\" aria-expanded=\"false\">\n\t\t\t\t\t\t\t\t\t\t\t\t\t<span class=\"elementor-accordion-icon elementor-accordion-icon-left\" aria-hidden=\"true\">\n\t\t\t\t\t\t\t\t\t\t\t\t\t\t\t<span class=\"elementor-accordion-icon-closed\"><i class=\"fas fa-plus\"><\/i><\/span>\n\t\t\t\t\t\t\t\t<span class=\"elementor-accordion-icon-opened\"><i class=\"fas fa-minus\"><\/i><\/span>\n\t\t\t\t\t\t\t\t\t\t\t\t\t\t<\/span>\n\t\t\t\t\t\t\t\t\t\t\t\t<a class=\"elementor-accordion-title\" tabindex=\"0\">Reclutamiento y Selecci\u00f3n<\/a>\n\t\t\t\t\t<\/div>\n\t\t\t\t\t<div id=\"elementor-tab-content-2051\" class=\"elementor-tab-content elementor-clearfix\" data-tab=\"1\" role=\"region\" aria-labelledby=\"elementor-tab-title-2051\"><ul><li>Ofrece medios en el despistaje inicial de grandes grupos de aspirantes, para identificar perfiles con atributos muy especiales.<\/li><li>Apoya el Levantamiento del Perfil Integral de Competencias (PIC) con poder predictivo del desempe\u00f1o de un candidato.<\/li><li>Provee de instrumentos complementarios para una caracterizaci\u00f3n m\u00e1s refinada de los candidatos en funci\u00f3n de requisitos especiales desde su dominio de idioma (Ingl\u00e9s), hasta la estimaci\u00f3n de la disposici\u00f3n para un manejo honesto de una funci\u00f3n o la solidez de su perfil de valores.<\/li><li>Proporciona indicadores generales y espec\u00edficos para incrementar la eficiencia y la efectividad del proceso de Reclutamiento y Selecci\u00f3n.<\/li><li>Asiste a la gerencia en la identificaci\u00f3n de factores cruciales que caracterizan a los candidatos de alto potencial para proseguir hacia mayores niveles funcionales.<\/li><\/ul><\/div>\n\t\t\t\t<\/div>\n\t\t\t\t\t\t\t<div class=\"elementor-accordion-item\">\n\t\t\t\t\t<div id=\"elementor-tab-title-2052\" class=\"elementor-tab-title\" data-tab=\"2\" role=\"button\" aria-controls=\"elementor-tab-content-2052\" aria-expanded=\"false\">\n\t\t\t\t\t\t\t\t\t\t\t\t\t<span class=\"elementor-accordion-icon elementor-accordion-icon-left\" aria-hidden=\"true\">\n\t\t\t\t\t\t\t\t\t\t\t\t\t\t\t<span class=\"elementor-accordion-icon-closed\"><i class=\"fas fa-plus\"><\/i><\/span>\n\t\t\t\t\t\t\t\t<span class=\"elementor-accordion-icon-opened\"><i class=\"fas fa-minus\"><\/i><\/span>\n\t\t\t\t\t\t\t\t\t\t\t\t\t\t<\/span>\n\t\t\t\t\t\t\t\t\t\t\t\t<a class=\"elementor-accordion-title\" tabindex=\"0\">Capacitaci\u00f3n y el Desarrollo Profesional<\/a>\n\t\t\t\t\t<\/div>\n\t\t\t\t\t<div id=\"elementor-tab-content-2052\" class=\"elementor-tab-content elementor-clearfix\" data-tab=\"2\" role=\"region\" aria-labelledby=\"elementor-tab-title-2052\"><ul><li>Comprende el desarrollo de habilidades a nivel gerencial sobre diferentes t\u00e9cnicas de evaluaci\u00f3n de sus colaboradores.<\/li><li>Promueve el desarrollo de destrezas para observar, indagar y recopilar evidencias conductuales v\u00e1lidas en cualquier actividad supervisoria.<\/li><li>Brinda referencias sofisticadas para establecer el \u201cRitmo de Aprendizaje\u201d y el \u201cEstilo de Aprendizaje\u201d de los grupos, lo que implica ahorro sustancial en tiempo e inversi\u00f3n con alto impacto en los cambios conductuales deseados.<\/li><\/ul><\/div>\n\t\t\t\t<\/div>\n\t\t\t\t\t\t\t<div class=\"elementor-accordion-item\">\n\t\t\t\t\t<div id=\"elementor-tab-title-2053\" class=\"elementor-tab-title\" data-tab=\"3\" role=\"button\" aria-controls=\"elementor-tab-content-2053\" aria-expanded=\"false\">\n\t\t\t\t\t\t\t\t\t\t\t\t\t<span class=\"elementor-accordion-icon elementor-accordion-icon-left\" aria-hidden=\"true\">\n\t\t\t\t\t\t\t\t\t\t\t\t\t\t\t<span class=\"elementor-accordion-icon-closed\"><i class=\"fas fa-plus\"><\/i><\/span>\n\t\t\t\t\t\t\t\t<span class=\"elementor-accordion-icon-opened\"><i class=\"fas fa-minus\"><\/i><\/span>\n\t\t\t\t\t\t\t\t\t\t\t\t\t\t<\/span>\n\t\t\t\t\t\t\t\t\t\t\t\t<a class=\"elementor-accordion-title\" tabindex=\"0\">Planes de Sucesi\u00f3n y de Carrera<\/a>\n\t\t\t\t\t<\/div>\n\t\t\t\t\t<div id=\"elementor-tab-content-2053\" class=\"elementor-tab-content elementor-clearfix\" data-tab=\"3\" role=\"region\" aria-labelledby=\"elementor-tab-title-2053\"><ul><li>Determina los perfiles de competencias de cada \u00e1mbito funcional, para precisar los niveles de correspondencia y de brecha real existente (persona-cargo).<\/li><li>Apoya a las empresas en el proceso de elaboraci\u00f3n de los planes de sucesi\u00f3n, introduciendo factores como la estimaci\u00f3n de potencial de los candidatos, identificaci\u00f3n de los \u201ctiempos\u201d reales para que un sucesor sea promovido y las rutas m\u00e1s beneficiosas para acelerar su carrera con actividades ON THE JOB y OFF THE JOB TRAINNING.<\/li><li>Provee de indicadores para activar planes de contingencias viables y rentables sobre la rotaci\u00f3n de personal con talento para las posiciones clave del negocio.<\/li><\/ul><\/div>\n\t\t\t\t<\/div>\n\t\t\t\t\t\t\t<div class=\"elementor-accordion-item\">\n\t\t\t\t\t<div id=\"elementor-tab-title-2054\" class=\"elementor-tab-title\" data-tab=\"4\" role=\"button\" aria-controls=\"elementor-tab-content-2054\" aria-expanded=\"false\">\n\t\t\t\t\t\t\t\t\t\t\t\t\t<span class=\"elementor-accordion-icon elementor-accordion-icon-left\" aria-hidden=\"true\">\n\t\t\t\t\t\t\t\t\t\t\t\t\t\t\t<span class=\"elementor-accordion-icon-closed\"><i class=\"fas fa-plus\"><\/i><\/span>\n\t\t\t\t\t\t\t\t<span class=\"elementor-accordion-icon-opened\"><i class=\"fas fa-minus\"><\/i><\/span>\n\t\t\t\t\t\t\t\t\t\t\t\t\t\t<\/span>\n\t\t\t\t\t\t\t\t\t\t\t\t<a class=\"elementor-accordion-title\" tabindex=\"0\">Liderazgo<\/a>\n\t\t\t\t\t<\/div>\n\t\t\t\t\t<div id=\"elementor-tab-content-2054\" class=\"elementor-tab-content elementor-clearfix\" data-tab=\"4\" role=\"region\" aria-labelledby=\"elementor-tab-title-2054\"><ul><li>Identifica el perfil de liderazgo de candidatos internos y externos y sus potencialidades de desarrollo futuro, mediante el FEEDBACK 360\u00b0 basado en las competencias diferenciadoras. Comprende actividades para fortalecer capacidades de los l\u00edderes como agentes efectivos para el cambio, el incremento del repertorio sus estilos de influencia y el balance en sus orientaciones de gesti\u00f3n.\u00a0<\/li><li>Al igual, en la identificaci\u00f3n de colaboradores con talento, el desarrollo de equipos de trabajo de alto potencial y su agilidad para responder a la din\u00e1mica que caracteriza el vertiginoso entorno en la era digital.<\/li><\/ul><\/div>\n\t\t\t\t<\/div>\n\t\t\t\t\t\t\t<div class=\"elementor-accordion-item\">\n\t\t\t\t\t<div id=\"elementor-tab-title-2055\" class=\"elementor-tab-title\" data-tab=\"5\" role=\"button\" aria-controls=\"elementor-tab-content-2055\" aria-expanded=\"false\">\n\t\t\t\t\t\t\t\t\t\t\t\t\t<span class=\"elementor-accordion-icon elementor-accordion-icon-left\" aria-hidden=\"true\">\n\t\t\t\t\t\t\t\t\t\t\t\t\t\t\t<span class=\"elementor-accordion-icon-closed\"><i class=\"fas fa-plus\"><\/i><\/span>\n\t\t\t\t\t\t\t\t<span class=\"elementor-accordion-icon-opened\"><i class=\"fas fa-minus\"><\/i><\/span>\n\t\t\t\t\t\t\t\t\t\t\t\t\t\t<\/span>\n\t\t\t\t\t\t\t\t\t\t\t\t<a class=\"elementor-accordion-title\" tabindex=\"0\"> Cultura, Satisfacci\u00f3n Laboral y Ambiente Organizacional<\/a>\n\t\t\t\t\t<\/div>\n\t\t\t\t\t<div id=\"elementor-tab-content-2055\" class=\"elementor-tab-content elementor-clearfix\" data-tab=\"5\" role=\"region\" aria-labelledby=\"elementor-tab-title-2055\"><ul><li>El Clima y la Satisfacci\u00f3n apalancan la evoluci\u00f3n de la Empresa; es decir, su Cultura para sostenerse progresivamente exitosa en el tiempo. Medir lo esencial de la din\u00e1mica que caracteriza a una Empresa constituye un paso crucial para dise\u00f1ar un rumbo certero de posibilidades en entornos desafiantes.<\/li><\/ul><\/div>\n\t\t\t\t<\/div>\n\t\t\t\t\t\t\t<div class=\"elementor-accordion-item\">\n\t\t\t\t\t<div id=\"elementor-tab-title-2056\" class=\"elementor-tab-title\" data-tab=\"6\" role=\"button\" aria-controls=\"elementor-tab-content-2056\" aria-expanded=\"false\">\n\t\t\t\t\t\t\t\t\t\t\t\t\t<span class=\"elementor-accordion-icon elementor-accordion-icon-left\" aria-hidden=\"true\">\n\t\t\t\t\t\t\t\t\t\t\t\t\t\t\t<span class=\"elementor-accordion-icon-closed\"><i class=\"fas fa-plus\"><\/i><\/span>\n\t\t\t\t\t\t\t\t<span class=\"elementor-accordion-icon-opened\"><i class=\"fas fa-minus\"><\/i><\/span>\n\t\t\t\t\t\t\t\t\t\t\t\t\t\t<\/span>\n\t\t\t\t\t\t\t\t\t\t\t\t<a class=\"elementor-accordion-title\" tabindex=\"0\">Estudios especiales y ad hoc<\/a>\n\t\t\t\t\t<\/div>\n\t\t\t\t\t<div id=\"elementor-tab-content-2056\" class=\"elementor-tab-content elementor-clearfix\" data-tab=\"6\" role=\"region\" aria-labelledby=\"elementor-tab-title-2056\"><ul><li>Nos encontramos en capacidad de depurar instrumentos pre-existentes, renovar y operacionalizar sets de competencias pre-establecidas y otras metodolog\u00edas que las empresas utilizan de calibraci\u00f3n o de baremos institucionales, con el prop\u00f3sito de obtener un m\u00e1ximo aprovechamiento de las mismas.<\/li><li>Este tipo de estudios se estructuran con enfoques de comprobada efectividad que permiten a las empresas tanto actualizar tales herramientas, como un uso m\u00e1s sustentado de sus condiciones y caracter\u00edsticas del momento.<\/li><\/ul><\/div>\n\t\t\t\t<\/div>\n\t\t\t\t\t\t\t\t<\/div>\n\t\t\t\t\t\t<\/div>\n\t\t\t\t<\/div>\n\t\t\t\t\t<\/div>\n\t\t<\/div>\n\t\t\t\t\t<\/div>\n\t\t<\/section>\n\t\t\t\t<\/div>\n\t\t","protected":false},"excerpt":{"rendered":"<p>\u00c1REAS DE APOYO Los estudios aplicados y la medici\u00f3n psicom\u00e9trica de atributos del capital humano buscan reducir los riesgos y los m\u00e1rgenes de error en los sub-sistemas de RRHH, se orientan a incrementar la efectividad del negocio. Entre ellos destacan: Reclutamiento y Selecci\u00f3n Ofrece medios en el despistaje inicial de grandes grupos de aspirantes, para [&hellip;]<\/p>\n","protected":false},"author":3,"featured_media":0,"parent":0,"menu_order":0,"comment_status":"closed","ping_status":"closed","template":"","meta":{"site-sidebar-layout":"no-sidebar","site-content-layout":"page-builder","ast-site-content-layout":"","site-content-style":"default","site-sidebar-style":"default","ast-global-header-display":"","ast-banner-title-visibility":"","ast-main-header-display":"","ast-hfb-above-header-display":"","ast-hfb-below-header-display":"","ast-hfb-mobile-header-display":"","site-post-title":"disabled","ast-breadcrumbs-content":"","ast-featured-img":"disabled","footer-sml-layout":"","theme-transparent-header-meta":"default","adv-header-id-meta":"","stick-header-meta":"","header-above-stick-meta":"","header-main-stick-meta":"","header-below-stick-meta":"","astra-migrate-meta-layouts":"default","ast-page-background-enabled":"default","ast-page-background-meta":{"desktop":{"background-color":"","background-image":"","background-repeat":"repeat","background-position":"center center","background-size":"auto","background-attachment":"scroll","background-type":"","background-media":"","overlay-type":"","overlay-color":"","overlay-opacity":"","overlay-gradient":""},"tablet":{"background-color":"","background-image":"","background-repeat":"repeat","background-position":"center center","background-size":"auto","background-attachment":"scroll","background-type":"","background-media":"","overlay-type":"","overlay-color":"","overlay-opacity":"","overlay-gradient":""},"mobile":{"background-color":"","background-image":"","background-repeat":"repeat","background-position":"center center","background-size":"auto","background-attachment":"scroll","background-type":"","background-media":"","overlay-type":"","overlay-color":"","overlay-opacity":"","overlay-gradient":""}},"ast-content-background-meta":{"desktop":{"background-color":"var(--ast-global-color-5)","background-image":"","background-repeat":"repeat","background-position":"center center","background-size":"auto","background-attachment":"scroll","background-type":"","background-media":"","overlay-type":"","overlay-color":"","overlay-opacity":"","overlay-gradient":""},"tablet":{"background-color":"var(--ast-global-color-5)","background-image":"","background-repeat":"repeat","background-position":"center center","background-size":"auto","background-attachment":"scroll","background-type":"","background-media":"","overlay-type":"","overlay-color":"","overlay-opacity":"","overlay-gradient":""},"mobile":{"background-color":"var(--ast-global-color-5)","background-image":"","background-repeat":"repeat","background-position":"center center","background-size":"auto","background-attachment":"scroll","background-type":"","background-media":"","overlay-type":"","overlay-color":"","overlay-opacity":"","overlay-gradient":""}},"footnotes":""},"class_list":["post-1881","page","type-page","status-publish","hentry"],"yoast_head":"<!-- This site is optimized with the Yoast SEO plugin v24.3 - https:\/\/yoast.com\/wordpress\/plugins\/seo\/ -->\n<title>\u00c1reas - AddSolutions<\/title>\n<meta name=\"robots\" content=\"index, follow, max-snippet:-1, max-image-preview:large, max-video-preview:-1\" \/>\n<link rel=\"canonical\" href=\"https:\/\/addsolutions.co\/addsolutionsco\/areas\/\" \/>\n<meta property=\"og:locale\" content=\"es_ES\" \/>\n<meta property=\"og:type\" content=\"article\" \/>\n<meta property=\"og:title\" content=\"\u00c1reas - AddSolutions\" \/>\n<meta property=\"og:description\" content=\"\u00c1REAS DE APOYO Los estudios aplicados y la medici\u00f3n psicom\u00e9trica de atributos del capital humano buscan reducir los riesgos y los m\u00e1rgenes de error en los sub-sistemas de RRHH, se orientan a incrementar la efectividad del negocio. Entre ellos destacan: Reclutamiento y Selecci\u00f3n Ofrece medios en el despistaje inicial de grandes grupos de aspirantes, para [&hellip;]\" \/>\n<meta property=\"og:url\" content=\"https:\/\/addsolutions.co\/addsolutionsco\/areas\/\" \/>\n<meta property=\"og:site_name\" content=\"AddSolutions\" \/>\n<meta property=\"article:modified_time\" content=\"2021-10-11T16:32:05+00:00\" \/>\n<meta property=\"og:image\" content=\"https:\/\/addsolutions.co\/addsolutionsco\/wp-content\/uploads\/2021\/08\/addsolutions-logo.png\" \/>\n\t<meta property=\"og:image:width\" content=\"320\" \/>\n\t<meta property=\"og:image:height\" content=\"51\" \/>\n\t<meta property=\"og:image:type\" content=\"image\/png\" \/>\n<meta name=\"twitter:card\" content=\"summary_large_image\" \/>\n<meta name=\"twitter:label1\" content=\"Tiempo de lectura\" \/>\n\t<meta name=\"twitter:data1\" content=\"3 minutos\" \/>\n<script type=\"application\/ld+json\" class=\"yoast-schema-graph\">{\"@context\":\"https:\/\/schema.org\",\"@graph\":[{\"@type\":\"WebPage\",\"@id\":\"https:\/\/addsolutions.co\/addsolutionsco\/areas\/\",\"url\":\"https:\/\/addsolutions.co\/addsolutionsco\/areas\/\",\"name\":\"\u00c1reas - AddSolutions\",\"isPartOf\":{\"@id\":\"https:\/\/addsolutions.co\/addsolutionsco\/#website\"},\"datePublished\":\"2021-10-11T16:30:20+00:00\",\"dateModified\":\"2021-10-11T16:32:05+00:00\",\"breadcrumb\":{\"@id\":\"https:\/\/addsolutions.co\/addsolutionsco\/areas\/#breadcrumb\"},\"inLanguage\":\"es\",\"potentialAction\":[{\"@type\":\"ReadAction\",\"target\":[\"https:\/\/addsolutions.co\/addsolutionsco\/areas\/\"]}]},{\"@type\":\"BreadcrumbList\",\"@id\":\"https:\/\/addsolutions.co\/addsolutionsco\/areas\/#breadcrumb\",\"itemListElement\":[{\"@type\":\"ListItem\",\"position\":1,\"name\":\"Portada\",\"item\":\"https:\/\/addsolutions.co\/addsolutionsco\/\"},{\"@type\":\"ListItem\",\"position\":2,\"name\":\"\u00c1reas\"}]},{\"@type\":\"WebSite\",\"@id\":\"https:\/\/addsolutions.co\/addsolutionsco\/#website\",\"url\":\"https:\/\/addsolutions.co\/addsolutionsco\/\",\"name\":\"AddSolutions\",\"description\":\"La Evoluci\u00f3n en Medici\u00f3n de la Gente\",\"publisher\":{\"@id\":\"https:\/\/addsolutions.co\/addsolutionsco\/#organization\"},\"potentialAction\":[{\"@type\":\"SearchAction\",\"target\":{\"@type\":\"EntryPoint\",\"urlTemplate\":\"https:\/\/addsolutions.co\/addsolutionsco\/?s={search_term_string}\"},\"query-input\":{\"@type\":\"PropertyValueSpecification\",\"valueRequired\":true,\"valueName\":\"search_term_string\"}}],\"inLanguage\":\"es\"},{\"@type\":\"Organization\",\"@id\":\"https:\/\/addsolutions.co\/addsolutionsco\/#organization\",\"name\":\"AddSolutions\",\"url\":\"https:\/\/addsolutions.co\/addsolutionsco\/\",\"logo\":{\"@type\":\"ImageObject\",\"inLanguage\":\"es\",\"@id\":\"https:\/\/addsolutions.co\/addsolutionsco\/#\/schema\/logo\/image\/\",\"url\":\"https:\/\/addsolutions.co\/addsolutionsco\/wp-content\/uploads\/2021\/08\/cropped-addsolutions-logo.png\",\"contentUrl\":\"https:\/\/addsolutions.co\/addsolutionsco\/wp-content\/uploads\/2021\/08\/cropped-addsolutions-logo.png\",\"width\":320,\"height\":51,\"caption\":\"AddSolutions\"},\"image\":{\"@id\":\"https:\/\/addsolutions.co\/addsolutionsco\/#\/schema\/logo\/image\/\"}}]}<\/script>\n<!-- \/ Yoast SEO plugin. -->","yoast_head_json":{"title":"\u00c1reas - AddSolutions","robots":{"index":"index","follow":"follow","max-snippet":"max-snippet:-1","max-image-preview":"max-image-preview:large","max-video-preview":"max-video-preview:-1"},"canonical":"https:\/\/addsolutions.co\/addsolutionsco\/areas\/","og_locale":"es_ES","og_type":"article","og_title":"\u00c1reas - AddSolutions","og_description":"\u00c1REAS DE APOYO Los estudios aplicados y la medici\u00f3n psicom\u00e9trica de atributos del capital humano buscan reducir los riesgos y los m\u00e1rgenes de error en los sub-sistemas de RRHH, se orientan a incrementar la efectividad del negocio. Entre ellos destacan: Reclutamiento y Selecci\u00f3n Ofrece medios en el despistaje inicial de grandes grupos de aspirantes, para [&hellip;]","og_url":"https:\/\/addsolutions.co\/addsolutionsco\/areas\/","og_site_name":"AddSolutions","article_modified_time":"2021-10-11T16:32:05+00:00","og_image":[{"width":320,"height":51,"url":"https:\/\/addsolutions.co\/addsolutionsco\/wp-content\/uploads\/2021\/08\/addsolutions-logo.png","type":"image\/png"}],"twitter_card":"summary_large_image","twitter_misc":{"Tiempo de lectura":"3 minutos"},"schema":{"@context":"https:\/\/schema.org","@graph":[{"@type":"WebPage","@id":"https:\/\/addsolutions.co\/addsolutionsco\/areas\/","url":"https:\/\/addsolutions.co\/addsolutionsco\/areas\/","name":"\u00c1reas - AddSolutions","isPartOf":{"@id":"https:\/\/addsolutions.co\/addsolutionsco\/#website"},"datePublished":"2021-10-11T16:30:20+00:00","dateModified":"2021-10-11T16:32:05+00:00","breadcrumb":{"@id":"https:\/\/addsolutions.co\/addsolutionsco\/areas\/#breadcrumb"},"inLanguage":"es","potentialAction":[{"@type":"ReadAction","target":["https:\/\/addsolutions.co\/addsolutionsco\/areas\/"]}]},{"@type":"BreadcrumbList","@id":"https:\/\/addsolutions.co\/addsolutionsco\/areas\/#breadcrumb","itemListElement":[{"@type":"ListItem","position":1,"name":"Portada","item":"https:\/\/addsolutions.co\/addsolutionsco\/"},{"@type":"ListItem","position":2,"name":"\u00c1reas"}]},{"@type":"WebSite","@id":"https:\/\/addsolutions.co\/addsolutionsco\/#website","url":"https:\/\/addsolutions.co\/addsolutionsco\/","name":"AddSolutions","description":"La Evoluci\u00f3n en Medici\u00f3n de la Gente","publisher":{"@id":"https:\/\/addsolutions.co\/addsolutionsco\/#organization"},"potentialAction":[{"@type":"SearchAction","target":{"@type":"EntryPoint","urlTemplate":"https:\/\/addsolutions.co\/addsolutionsco\/?s={search_term_string}"},"query-input":{"@type":"PropertyValueSpecification","valueRequired":true,"valueName":"search_term_string"}}],"inLanguage":"es"},{"@type":"Organization","@id":"https:\/\/addsolutions.co\/addsolutionsco\/#organization","name":"AddSolutions","url":"https:\/\/addsolutions.co\/addsolutionsco\/","logo":{"@type":"ImageObject","inLanguage":"es","@id":"https:\/\/addsolutions.co\/addsolutionsco\/#\/schema\/logo\/image\/","url":"https:\/\/addsolutions.co\/addsolutionsco\/wp-content\/uploads\/2021\/08\/cropped-addsolutions-logo.png","contentUrl":"https:\/\/addsolutions.co\/addsolutionsco\/wp-content\/uploads\/2021\/08\/cropped-addsolutions-logo.png","width":320,"height":51,"caption":"AddSolutions"},"image":{"@id":"https:\/\/addsolutions.co\/addsolutionsco\/#\/schema\/logo\/image\/"}}]}},"_links":{"self":[{"href":"https:\/\/addsolutions.co\/addsolutionsco\/wp-json\/wp\/v2\/pages\/1881","targetHints":{"allow":["GET"]}}],"collection":[{"href":"https:\/\/addsolutions.co\/addsolutionsco\/wp-json\/wp\/v2\/pages"}],"about":[{"href":"https:\/\/addsolutions.co\/addsolutionsco\/wp-json\/wp\/v2\/types\/page"}],"author":[{"embeddable":true,"href":"https:\/\/addsolutions.co\/addsolutionsco\/wp-json\/wp\/v2\/users\/3"}],"replies":[{"embeddable":true,"href":"https:\/\/addsolutions.co\/addsolutionsco\/wp-json\/wp\/v2\/comments?post=1881"}],"version-history":[{"count":4,"href":"https:\/\/addsolutions.co\/addsolutionsco\/wp-json\/wp\/v2\/pages\/1881\/revisions"}],"predecessor-version":[{"id":1888,"href":"https:\/\/addsolutions.co\/addsolutionsco\/wp-json\/wp\/v2\/pages\/1881\/revisions\/1888"}],"wp:attachment":[{"href":"https:\/\/addsolutions.co\/addsolutionsco\/wp-json\/wp\/v2\/media?parent=1881"}],"curies":[{"name":"wp","href":"https:\/\/api.w.org\/{rel}","templated":true}]}}