{"id":294,"date":"2020-06-24T15:33:10","date_gmt":"2020-06-24T19:33:10","guid":{"rendered":"https:\/\/addsolutions.co\/addsolutionsco\/?page_id=294"},"modified":"2020-08-26T14:53:54","modified_gmt":"2020-08-26T18:53:54","slug":"addnews","status":"publish","type":"page","link":"https:\/\/addsolutions.co\/addsolutionsco\/addnews\/","title":{"rendered":"AddNews"},"content":{"rendered":"\t\t<div data-elementor-type=\"wp-page\" data-elementor-id=\"294\" class=\"elementor elementor-294\">\n\t\t\t\t\t\t<section class=\"elementor-section elementor-top-section elementor-element elementor-element-d74ec0f elementor-section-boxed elementor-section-height-default elementor-section-height-default\" data-id=\"d74ec0f\" data-element_type=\"section\">\n\t\t\t\t\t\t<div class=\"elementor-container elementor-column-gap-default\">\n\t\t\t\t\t<div class=\"elementor-column elementor-col-66 elementor-top-column elementor-element elementor-element-7dac70a\" data-id=\"7dac70a\" data-element_type=\"column\">\n\t\t\t<div class=\"elementor-widget-wrap elementor-element-populated\">\n\t\t\t\t\t\t<div class=\"elementor-element elementor-element-2112655 elementor-grid-eael-col-2 elementor-grid-tablet-eael-col-2 elementor-grid-mobile-eael-col-1 elementor-widget elementor-widget-eael-post-grid\" data-id=\"2112655\" data-element_type=\"widget\" data-settings=\"{&quot;eael_post_grid_columns&quot;:&quot;eael-col-2&quot;,&quot;eael_post_grid_columns_tablet&quot;:&quot;eael-col-2&quot;,&quot;eael_post_grid_columns_mobile&quot;:&quot;eael-col-1&quot;}\" data-widget_type=\"eael-post-grid.default\">\n\t\t\t\t<div class=\"elementor-widget-container\">\n\t\t\t\t\t<div id=\"eael-post-grid-2112655\" class=\"eael-post-grid-container\">\n            <div class=\"eael-post-grid eael-post-appender eael-post-appender-2112655 eael-post-grid-style-one\" data-layout-mode=\"masonry\"><article class=\"eael-grid-post eael-post-grid-column\" data-id=\"1027\">\n        <div class=\"eael-grid-post-holder\">\n            <div class=\"eael-grid-post-holder-inner\"><div class=\"eael-entry-media\"><div class=\"eael-entry-overlay none\"><i class=\"fas fa-long-arrow-alt-right\" aria-hidden=\"true\"><\/i><a href=\"https:\/\/addsolutions.co\/addsolutionsco\/test-e-inventarios-psicologicos-mitos-realidades\/\"><\/a><\/div><div class=\"eael-entry-thumbnail \">\n                <img fetchpriority=\"high\" decoding=\"async\" width=\"300\" height=\"200\" src=\"https:\/\/addsolutions.co\/addsolutionsco\/wp-content\/uploads\/2020\/08\/test-psicologico-1-300x200.jpg\" class=\"attachment-medium size-medium wp-image-1048\" alt=\"\" srcset=\"https:\/\/addsolutions.co\/addsolutionsco\/wp-content\/uploads\/2020\/08\/test-psicologico-1-300x200.jpg 300w, https:\/\/addsolutions.co\/addsolutionsco\/wp-content\/uploads\/2020\/08\/test-psicologico-1-1024x682.jpg 1024w, https:\/\/addsolutions.co\/addsolutionsco\/wp-content\/uploads\/2020\/08\/test-psicologico-1-768x512.jpg 768w, https:\/\/addsolutions.co\/addsolutionsco\/wp-content\/uploads\/2020\/08\/test-psicologico-1-1536x1023.jpg 1536w, https:\/\/addsolutions.co\/addsolutionsco\/wp-content\/uploads\/2020\/08\/test-psicologico-1.jpg 1600w\" sizes=\"(max-width: 300px) 100vw, 300px\" \/>\n            <\/div>\n        <\/div><div class=\"eael-entry-wrapper\"><header class=\"eael-entry-header\"><h2 class=\"eael-entry-title\"><a\n                        class=\"eael-grid-post-link\"\n                        href=\"https:\/\/addsolutions.co\/addsolutionsco\/test-e-inventarios-psicologicos-mitos-realidades\/\"\n                        title=\"Test e Inventarios Psicol\u00f3gicos -Mitos &#038; Realidades\">Test e Inventarios Psicol\u00f3gicos -Mitos &#038; Realidades<\/a><\/h2><\/header><div class=\"eael-entry-content\">\n                        <div class=\"eael-grid-post-excerpt\"><p>Si revisamos en una librer\u00eda un estante llenos de libros...<\/p><a href=\"https:\/\/addsolutions.co\/addsolutionsco\/test-e-inventarios-psicologicos-mitos-realidades\/\" class=\"eael-post-elements-readmore-btn\">Leer m\u00e1s<\/a><\/div>\n                    <\/div><div class=\"eael-entry-footer\"><div class=\"eael-entry-meta\"><span class=\"eael-posted-on\"><time datetime=\"24\/08\/2021\">24\/08\/2021<\/time><\/span><\/div><\/div><\/div><\/div>\n        <\/div>\n    <\/article><article class=\"eael-grid-post eael-post-grid-column\" data-id=\"225\">\n        <div class=\"eael-grid-post-holder\">\n            <div class=\"eael-grid-post-holder-inner\"><div class=\"eael-entry-media\"><div class=\"eael-entry-overlay none\"><i class=\"fas fa-long-arrow-alt-right\" aria-hidden=\"true\"><\/i><a href=\"https:\/\/addsolutions.co\/addsolutionsco\/conociendome-mejor\/\"><\/a><\/div><div class=\"eael-entry-thumbnail \">\n                <img decoding=\"async\" width=\"300\" height=\"200\" src=\"https:\/\/addsolutions.co\/addsolutionsco\/wp-content\/uploads\/2020\/06\/addnews-2-300x200.jpg\" class=\"attachment-medium size-medium wp-image-80\" alt=\"\" srcset=\"https:\/\/addsolutions.co\/addsolutionsco\/wp-content\/uploads\/2020\/06\/addnews-2-300x200.jpg 300w, https:\/\/addsolutions.co\/addsolutionsco\/wp-content\/uploads\/2020\/06\/addnews-2.jpg 500w\" sizes=\"(max-width: 300px) 100vw, 300px\" \/>\n            <\/div>\n        <\/div><div class=\"eael-entry-wrapper\"><header class=\"eael-entry-header\"><h2 class=\"eael-entry-title\"><a\n                        class=\"eael-grid-post-link\"\n                        href=\"https:\/\/addsolutions.co\/addsolutionsco\/conociendome-mejor\/\"\n                        title=\"Conoci\u00e9ndome Mejor\">Conoci\u00e9ndome Mejor<\/a><\/h2><\/header><div class=\"eael-entry-content\">\n                        <div class=\"eael-grid-post-excerpt\"><p>\u00a0El hecho de medirse &nbsp; Aunque resulte extra\u00f1o, ning\u00fan atributo...<\/p><a href=\"https:\/\/addsolutions.co\/addsolutionsco\/conociendome-mejor\/\" class=\"eael-post-elements-readmore-btn\">Leer m\u00e1s<\/a><\/div>\n                    <\/div><div class=\"eael-entry-footer\"><div class=\"eael-entry-meta\"><span class=\"eael-posted-on\"><time datetime=\"23\/06\/2021\">23\/06\/2021<\/time><\/span><\/div><\/div><\/div><\/div>\n        <\/div>\n    <\/article><\/div>\n            <div class=\"clearfix\"><\/div>\n        <\/div>\t\t\t\t<\/div>\n\t\t\t\t<\/div>\n\t\t\t\t\t<\/div>\n\t\t<\/div>\n\t\t\t\t<div class=\"elementor-column elementor-col-33 elementor-top-column elementor-element elementor-element-b29e6a0\" data-id=\"b29e6a0\" data-element_type=\"column\">\n\t\t\t<div class=\"elementor-widget-wrap elementor-element-populated\">\n\t\t\t\t\t\t<div class=\"elementor-element elementor-element-53b3eee elementor-widget elementor-widget-sidebar\" data-id=\"53b3eee\" data-element_type=\"widget\" data-widget_type=\"sidebar.default\">\n\t\t\t\t<div class=\"elementor-widget-container\">\n\t\t\t\t\t<aside id=\"search-2\" class=\"widget widget_search\"><form role=\"search\" method=\"get\" class=\"search-form\" action=\"https:\/\/addsolutions.co\/addsolutionsco\/\">\n\t<label for=\"search-field\">\n\t\t<span class=\"screen-reader-text\">Buscar por:<\/span>\n\t\t<input type=\"search\" id=\"search-field\" class=\"search-field\"   placeholder=\"Buscar...\" value=\"\" name=\"s\" tabindex=\"-1\">\n\t\t\t<\/label>\n\t\t\t<input type=\"submit\" class=\"search-submit\" value=\"Buscar\">\n\t<\/form>\n<\/aside>\n\t\t<aside id=\"recent-posts-2\" class=\"widget widget_recent_entries\">\n\t\t<h2 class=\"widget-title\">Entradas recientes<\/h2><nav aria-label=\"Entradas recientes\">\n\t\t<ul>\n\t\t\t\t\t\t\t\t\t\t\t<li>\n\t\t\t\t\t<a href=\"https:\/\/addsolutions.co\/addsolutionsco\/test-e-inventarios-psicologicos-mitos-realidades\/\">Test e Inventarios Psicol\u00f3gicos -Mitos &#038; Realidades<\/a>\n\t\t\t\t\t\t\t\t\t<\/li>\n\t\t\t\t\t\t\t\t\t\t\t<li>\n\t\t\t\t\t<a href=\"https:\/\/addsolutions.co\/addsolutionsco\/conociendome-mejor\/\">Conoci\u00e9ndome Mejor<\/a>\n\t\t\t\t\t\t\t\t\t<\/li>\n\t\t\t\t\t<\/ul>\n\n\t\t<\/nav><\/aside>\t\t\t\t<\/div>\n\t\t\t\t<\/div>\n\t\t\t\t\t<\/div>\n\t\t<\/div>\n\t\t\t\t\t<\/div>\n\t\t<\/section>\n\t\t\t\t<\/div>\n\t\t","protected":false},"excerpt":{"rendered":"<p>Test e Inventarios Psicol\u00f3gicos -Mitos &#038; Realidades Si revisamos en una librer\u00eda un estante llenos de libros&#8230; Leer m\u00e1s 24\/08\/2020 Lorem ipsum dolor sit amet Lorem ipsum dolor sit amet, consectetur adipiscing elit. In sed&#8230; Leer m\u00e1s 23\/06\/2020 Lorem ipsum dolor sit amet Lorem ipsum dolor sit amet, consectetur adipiscing elit. In sed&#8230; Leer m\u00e1s [&hellip;]<\/p>\n","protected":false},"author":2,"featured_media":0,"parent":0,"menu_order":0,"comment_status":"closed","ping_status":"closed","template":"","meta":{"site-sidebar-layout":"no-sidebar","site-content-layout":"page-builder","ast-site-content-layout":"","site-content-style":"default","site-sidebar-style":"default","ast-global-header-display":"","ast-banner-title-visibility":"","ast-main-header-display":"","ast-hfb-above-header-display":"","ast-hfb-below-header-display":"","ast-hfb-mobile-header-display":"","site-post-title":"disabled","ast-breadcrumbs-content":"","ast-featured-img":"disabled","footer-sml-layout":"","theme-transparent-header-meta":"default","adv-header-id-meta":"","stick-header-meta":"","header-above-stick-meta":"","header-main-stick-meta":"","header-below-stick-meta":"","astra-migrate-meta-layouts":"default","ast-page-background-enabled":"default","ast-page-background-meta":{"desktop":{"background-color":"","background-image":"","background-repeat":"repeat","background-position":"center center","background-size":"auto","background-attachment":"scroll","background-type":"","background-media":"","overlay-type":"","overlay-color":"","overlay-opacity":"","overlay-gradient":""},"tablet":{"background-color":"","background-image":"","background-repeat":"repeat","background-position":"center center","background-size":"auto","background-attachment":"scroll","background-type":"","background-media":"","overlay-type":"","overlay-color":"","overlay-opacity":"","overlay-gradient":""},"mobile":{"background-color":"","background-image":"","background-repeat":"repeat","background-position":"center center","background-size":"auto","background-attachment":"scroll","background-type":"","background-media":"","overlay-type":"","overlay-color":"","overlay-opacity":"","overlay-gradient":""}},"ast-content-background-meta":{"desktop":{"background-color":"var(--ast-global-color-5)","background-image":"","background-repeat":"repeat","background-position":"center center","background-size":"auto","background-attachment":"scroll","background-type":"","background-media":"","overlay-type":"","overlay-color":"","overlay-opacity":"","overlay-gradient":""},"tablet":{"background-color":"var(--ast-global-color-5)","background-image":"","background-repeat":"repeat","background-position":"center center","background-size":"auto","background-attachment":"scroll","background-type":"","background-media":"","overlay-type":"","overlay-color":"","overlay-opacity":"","overlay-gradient":""},"mobile":{"background-color":"var(--ast-global-color-5)","background-image":"","background-repeat":"repeat","background-position":"center center","background-size":"auto","background-attachment":"scroll","background-type":"","background-media":"","overlay-type":"","overlay-color":"","overlay-opacity":"","overlay-gradient":""}},"footnotes":""},"class_list":["post-294","page","type-page","status-publish","hentry"],"yoast_head":"<!-- This site is optimized with the Yoast SEO plugin v24.3 - https:\/\/yoast.com\/wordpress\/plugins\/seo\/ -->\n<title>AddNews - AddSolutions<\/title>\n<meta name=\"robots\" content=\"index, follow, max-snippet:-1, max-image-preview:large, max-video-preview:-1\" \/>\n<link rel=\"canonical\" href=\"https:\/\/addsolutions.co\/addsolutionsco\/addnews\/\" \/>\n<meta property=\"og:locale\" content=\"es_ES\" \/>\n<meta property=\"og:type\" content=\"article\" \/>\n<meta property=\"og:title\" content=\"AddNews - AddSolutions\" \/>\n<meta property=\"og:description\" content=\"Test e Inventarios Psicol\u00f3gicos -Mitos &#038; Realidades Si revisamos en una librer\u00eda un estante llenos de libros&#8230; Leer m\u00e1s 24\/08\/2020 Lorem ipsum dolor sit amet Lorem ipsum dolor sit amet, consectetur adipiscing elit. In sed&#8230; Leer m\u00e1s 23\/06\/2020 Lorem ipsum dolor sit amet Lorem ipsum dolor sit amet, consectetur adipiscing elit. In sed&#8230; Leer m\u00e1s [&hellip;]\" \/>\n<meta property=\"og:url\" content=\"https:\/\/addsolutions.co\/addsolutionsco\/addnews\/\" \/>\n<meta property=\"og:site_name\" content=\"AddSolutions\" \/>\n<meta property=\"article:modified_time\" content=\"2020-08-26T18:53:54+00:00\" \/>\n<meta property=\"og:image\" content=\"https:\/\/addsolutions.co\/addsolutionsco\/wp-content\/uploads\/2020\/08\/test-psicologico-1.jpg\" \/>\n\t<meta property=\"og:image:width\" content=\"1600\" \/>\n\t<meta property=\"og:image:height\" content=\"1066\" \/>\n\t<meta property=\"og:image:type\" content=\"image\/jpeg\" \/>\n<meta name=\"twitter:card\" content=\"summary_large_image\" \/>\n<script type=\"application\/ld+json\" class=\"yoast-schema-graph\">{\"@context\":\"https:\/\/schema.org\",\"@graph\":[{\"@type\":\"WebPage\",\"@id\":\"https:\/\/addsolutions.co\/addsolutionsco\/addnews\/\",\"url\":\"https:\/\/addsolutions.co\/addsolutionsco\/addnews\/\",\"name\":\"AddNews - AddSolutions\",\"isPartOf\":{\"@id\":\"https:\/\/addsolutions.co\/addsolutionsco\/#website\"},\"primaryImageOfPage\":{\"@id\":\"https:\/\/addsolutions.co\/addsolutionsco\/addnews\/#primaryimage\"},\"image\":{\"@id\":\"https:\/\/addsolutions.co\/addsolutionsco\/addnews\/#primaryimage\"},\"thumbnailUrl\":\"https:\/\/addsolutions.co\/addsolutionsco\/wp-content\/uploads\/2020\/08\/test-psicologico-1-300x200.jpg\",\"datePublished\":\"2020-06-24T19:33:10+00:00\",\"dateModified\":\"2020-08-26T18:53:54+00:00\",\"breadcrumb\":{\"@id\":\"https:\/\/addsolutions.co\/addsolutionsco\/addnews\/#breadcrumb\"},\"inLanguage\":\"es\",\"potentialAction\":[{\"@type\":\"ReadAction\",\"target\":[\"https:\/\/addsolutions.co\/addsolutionsco\/addnews\/\"]}]},{\"@type\":\"ImageObject\",\"inLanguage\":\"es\",\"@id\":\"https:\/\/addsolutions.co\/addsolutionsco\/addnews\/#primaryimage\",\"url\":\"https:\/\/addsolutions.co\/addsolutionsco\/wp-content\/uploads\/2020\/08\/test-psicologico-1.jpg\",\"contentUrl\":\"https:\/\/addsolutions.co\/addsolutionsco\/wp-content\/uploads\/2020\/08\/test-psicologico-1.jpg\",\"width\":1600,\"height\":1066},{\"@type\":\"BreadcrumbList\",\"@id\":\"https:\/\/addsolutions.co\/addsolutionsco\/addnews\/#breadcrumb\",\"itemListElement\":[{\"@type\":\"ListItem\",\"position\":1,\"name\":\"Portada\",\"item\":\"https:\/\/addsolutions.co\/addsolutionsco\/\"},{\"@type\":\"ListItem\",\"position\":2,\"name\":\"AddNews\"}]},{\"@type\":\"WebSite\",\"@id\":\"https:\/\/addsolutions.co\/addsolutionsco\/#website\",\"url\":\"https:\/\/addsolutions.co\/addsolutionsco\/\",\"name\":\"AddSolutions\",\"description\":\"La Evoluci\u00f3n en Medici\u00f3n de la Gente\",\"publisher\":{\"@id\":\"https:\/\/addsolutions.co\/addsolutionsco\/#organization\"},\"potentialAction\":[{\"@type\":\"SearchAction\",\"target\":{\"@type\":\"EntryPoint\",\"urlTemplate\":\"https:\/\/addsolutions.co\/addsolutionsco\/?s={search_term_string}\"},\"query-input\":{\"@type\":\"PropertyValueSpecification\",\"valueRequired\":true,\"valueName\":\"search_term_string\"}}],\"inLanguage\":\"es\"},{\"@type\":\"Organization\",\"@id\":\"https:\/\/addsolutions.co\/addsolutionsco\/#organization\",\"name\":\"AddSolutions\",\"url\":\"https:\/\/addsolutions.co\/addsolutionsco\/\",\"logo\":{\"@type\":\"ImageObject\",\"inLanguage\":\"es\",\"@id\":\"https:\/\/addsolutions.co\/addsolutionsco\/#\/schema\/logo\/image\/\",\"url\":\"https:\/\/addsolutions.co\/addsolutionsco\/wp-content\/uploads\/2021\/08\/cropped-addsolutions-logo.png\",\"contentUrl\":\"https:\/\/addsolutions.co\/addsolutionsco\/wp-content\/uploads\/2021\/08\/cropped-addsolutions-logo.png\",\"width\":320,\"height\":51,\"caption\":\"AddSolutions\"},\"image\":{\"@id\":\"https:\/\/addsolutions.co\/addsolutionsco\/#\/schema\/logo\/image\/\"}}]}<\/script>\n<!-- \/ Yoast SEO plugin. -->","yoast_head_json":{"title":"AddNews - AddSolutions","robots":{"index":"index","follow":"follow","max-snippet":"max-snippet:-1","max-image-preview":"max-image-preview:large","max-video-preview":"max-video-preview:-1"},"canonical":"https:\/\/addsolutions.co\/addsolutionsco\/addnews\/","og_locale":"es_ES","og_type":"article","og_title":"AddNews - AddSolutions","og_description":"Test e Inventarios Psicol\u00f3gicos -Mitos &#038; Realidades Si revisamos en una librer\u00eda un estante llenos de libros&#8230; Leer m\u00e1s 24\/08\/2020 Lorem ipsum dolor sit amet Lorem ipsum dolor sit amet, consectetur adipiscing elit. In sed&#8230; Leer m\u00e1s 23\/06\/2020 Lorem ipsum dolor sit amet Lorem ipsum dolor sit amet, consectetur adipiscing elit. In sed&#8230; Leer m\u00e1s [&hellip;]","og_url":"https:\/\/addsolutions.co\/addsolutionsco\/addnews\/","og_site_name":"AddSolutions","article_modified_time":"2020-08-26T18:53:54+00:00","og_image":[{"width":1600,"height":1066,"url":"https:\/\/addsolutions.co\/addsolutionsco\/wp-content\/uploads\/2020\/08\/test-psicologico-1.jpg","type":"image\/jpeg"}],"twitter_card":"summary_large_image","schema":{"@context":"https:\/\/schema.org","@graph":[{"@type":"WebPage","@id":"https:\/\/addsolutions.co\/addsolutionsco\/addnews\/","url":"https:\/\/addsolutions.co\/addsolutionsco\/addnews\/","name":"AddNews - AddSolutions","isPartOf":{"@id":"https:\/\/addsolutions.co\/addsolutionsco\/#website"},"primaryImageOfPage":{"@id":"https:\/\/addsolutions.co\/addsolutionsco\/addnews\/#primaryimage"},"image":{"@id":"https:\/\/addsolutions.co\/addsolutionsco\/addnews\/#primaryimage"},"thumbnailUrl":"https:\/\/addsolutions.co\/addsolutionsco\/wp-content\/uploads\/2020\/08\/test-psicologico-1-300x200.jpg","datePublished":"2020-06-24T19:33:10+00:00","dateModified":"2020-08-26T18:53:54+00:00","breadcrumb":{"@id":"https:\/\/addsolutions.co\/addsolutionsco\/addnews\/#breadcrumb"},"inLanguage":"es","potentialAction":[{"@type":"ReadAction","target":["https:\/\/addsolutions.co\/addsolutionsco\/addnews\/"]}]},{"@type":"ImageObject","inLanguage":"es","@id":"https:\/\/addsolutions.co\/addsolutionsco\/addnews\/#primaryimage","url":"https:\/\/addsolutions.co\/addsolutionsco\/wp-content\/uploads\/2020\/08\/test-psicologico-1.jpg","contentUrl":"https:\/\/addsolutions.co\/addsolutionsco\/wp-content\/uploads\/2020\/08\/test-psicologico-1.jpg","width":1600,"height":1066},{"@type":"BreadcrumbList","@id":"https:\/\/addsolutions.co\/addsolutionsco\/addnews\/#breadcrumb","itemListElement":[{"@type":"ListItem","position":1,"name":"Portada","item":"https:\/\/addsolutions.co\/addsolutionsco\/"},{"@type":"ListItem","position":2,"name":"AddNews"}]},{"@type":"WebSite","@id":"https:\/\/addsolutions.co\/addsolutionsco\/#website","url":"https:\/\/addsolutions.co\/addsolutionsco\/","name":"AddSolutions","description":"La Evoluci\u00f3n en Medici\u00f3n de la Gente","publisher":{"@id":"https:\/\/addsolutions.co\/addsolutionsco\/#organization"},"potentialAction":[{"@type":"SearchAction","target":{"@type":"EntryPoint","urlTemplate":"https:\/\/addsolutions.co\/addsolutionsco\/?s={search_term_string}"},"query-input":{"@type":"PropertyValueSpecification","valueRequired":true,"valueName":"search_term_string"}}],"inLanguage":"es"},{"@type":"Organization","@id":"https:\/\/addsolutions.co\/addsolutionsco\/#organization","name":"AddSolutions","url":"https:\/\/addsolutions.co\/addsolutionsco\/","logo":{"@type":"ImageObject","inLanguage":"es","@id":"https:\/\/addsolutions.co\/addsolutionsco\/#\/schema\/logo\/image\/","url":"https:\/\/addsolutions.co\/addsolutionsco\/wp-content\/uploads\/2021\/08\/cropped-addsolutions-logo.png","contentUrl":"https:\/\/addsolutions.co\/addsolutionsco\/wp-content\/uploads\/2021\/08\/cropped-addsolutions-logo.png","width":320,"height":51,"caption":"AddSolutions"},"image":{"@id":"https:\/\/addsolutions.co\/addsolutionsco\/#\/schema\/logo\/image\/"}}]}},"_links":{"self":[{"href":"https:\/\/addsolutions.co\/addsolutionsco\/wp-json\/wp\/v2\/pages\/294","targetHints":{"allow":["GET"]}}],"collection":[{"href":"https:\/\/addsolutions.co\/addsolutionsco\/wp-json\/wp\/v2\/pages"}],"about":[{"href":"https:\/\/addsolutions.co\/addsolutionsco\/wp-json\/wp\/v2\/types\/page"}],"author":[{"embeddable":true,"href":"https:\/\/addsolutions.co\/addsolutionsco\/wp-json\/wp\/v2\/users\/2"}],"replies":[{"embeddable":true,"href":"https:\/\/addsolutions.co\/addsolutionsco\/wp-json\/wp\/v2\/comments?post=294"}],"version-history":[{"count":11,"href":"https:\/\/addsolutions.co\/addsolutionsco\/wp-json\/wp\/v2\/pages\/294\/revisions"}],"predecessor-version":[{"id":1143,"href":"https:\/\/addsolutions.co\/addsolutionsco\/wp-json\/wp\/v2\/pages\/294\/revisions\/1143"}],"wp:attachment":[{"href":"https:\/\/addsolutions.co\/addsolutionsco\/wp-json\/wp\/v2\/media?parent=294"}],"curies":[{"name":"wp","href":"https:\/\/api.w.org\/{rel}","templated":true}]}}